{"id":12,"date":"2024-07-09T17:17:02","date_gmt":"2024-07-09T17:17:02","guid":{"rendered":"https:\/\/www.plaympe.com\/es\/?page_id=12"},"modified":"2026-04-23T22:00:20","modified_gmt":"2026-04-23T22:00:20","slug":"promociona","status":"publish","type":"page","link":"https:\/\/www.plaympe.com\/es\/promociona\/","title":{"rendered":"Promociona"},"content":{"rendered":"","protected":false},"excerpt":{"rendered":"","protected":false},"author":1,"featured_media":0,"parent":0,"menu_order":0,"comment_status":"closed","ping_status":"closed","template":"","meta":{"_acf_changed":false,"footnotes":""},"class_list":["post-12","page","type-page","status-publish","hentry"],"acf":[],"yoast_head":"<!-- This site is optimized with the Yoast SEO plugin v27.1.1 - https:\/\/yoast.com\/product\/yoast-seo-wordpress\/ -->\n<title>Curadores verificados descubren m\u00fasica con Play MPE\u00ae<\/title>\n<meta name=\"description\" content=\"Play MPE\u00ae distribuye tu m\u00fasica a curadores verificados en radio, medios, cine\/tv y m\u00e1s. Conf\u00edan sellos discogr\u00e1ficos, curadores y promotores.\" \/>\n<meta name=\"robots\" content=\"index, follow, max-snippet:-1, max-image-preview:large, max-video-preview:-1\" \/>\n<link rel=\"canonical\" href=\"https:\/\/www.plaympe.com\/es\/promociona\/\" \/>\n<meta property=\"og:locale\" content=\"en_US\" \/>\n<meta property=\"og:type\" content=\"article\" \/>\n<meta property=\"og:title\" content=\"Curadores verificados descubren m\u00fasica con Play MPE\u00ae\" \/>\n<meta property=\"og:description\" content=\"Play MPE\u00ae distribuye tu m\u00fasica a curadores verificados en radio, medios, cine\/tv y m\u00e1s. Conf\u00edan sellos discogr\u00e1ficos, curadores y promotores.\" \/>\n<meta property=\"og:url\" content=\"https:\/\/www.plaympe.com\/es\/promociona\/\" \/>\n<meta property=\"og:site_name\" content=\"Spanish\" \/>\n<meta property=\"article:modified_time\" content=\"2026-04-23T22:00:20+00:00\" \/>\n<meta property=\"og:image\" content=\"https:\/\/www.plaympe.com\/es\/wp-content\/uploads\/sites\/2\/2024\/07\/plaympe-logo.webp\" \/>\n\t<meta property=\"og:image:width\" content=\"164\" \/>\n\t<meta property=\"og:image:height\" content=\"29\" \/>\n\t<meta property=\"og:image:type\" content=\"image\/webp\" \/>\n<meta name=\"twitter:card\" content=\"summary_large_image\" \/>\n<script type=\"application\/ld+json\" class=\"yoast-schema-graph\">{\"@context\":\"https:\/\/schema.org\",\"@graph\":[{\"@type\":\"WebPage\",\"@id\":\"https:\/\/www.plaympe.com\/es\/promociona\/\",\"url\":\"https:\/\/www.plaympe.com\/es\/promociona\/\",\"name\":\"Curadores verificados descubren m\u00fasica con Play MPE\u00ae\",\"isPartOf\":{\"@id\":\"https:\/\/www.plaympe.com\/es\/#website\"},\"datePublished\":\"2024-07-09T17:17:02+00:00\",\"dateModified\":\"2026-04-23T22:00:20+00:00\",\"description\":\"Play MPE\u00ae distribuye tu m\u00fasica a curadores verificados en radio, medios, cine\/tv y m\u00e1s. Conf\u00edan sellos discogr\u00e1ficos, curadores y promotores.\",\"breadcrumb\":{\"@id\":\"https:\/\/www.plaympe.com\/es\/promociona\/#breadcrumb\"},\"inLanguage\":\"en-US\",\"potentialAction\":[{\"@type\":\"ReadAction\",\"target\":[\"https:\/\/www.plaympe.com\/es\/promociona\/\"]}]},{\"@type\":\"BreadcrumbList\",\"@id\":\"https:\/\/www.plaympe.com\/es\/promociona\/#breadcrumb\",\"itemListElement\":[{\"@type\":\"ListItem\",\"position\":1,\"name\":\"Home\",\"item\":\"https:\/\/www.plaympe.com\/es\/\"},{\"@type\":\"ListItem\",\"position\":2,\"name\":\"Promociona\"}]},{\"@type\":\"WebSite\",\"@id\":\"https:\/\/www.plaympe.com\/es\/#website\",\"url\":\"https:\/\/www.plaympe.com\/es\/\",\"name\":\"Play MPE\",\"description\":\"\",\"publisher\":{\"@id\":\"https:\/\/www.plaympe.com\/es\/#organization\"},\"potentialAction\":[{\"@type\":\"SearchAction\",\"target\":{\"@type\":\"EntryPoint\",\"urlTemplate\":\"https:\/\/www.plaympe.com\/es\/?s={search_term_string}\"},\"query-input\":{\"@type\":\"PropertyValueSpecification\",\"valueRequired\":true,\"valueName\":\"search_term_string\"}}],\"inLanguage\":\"en-US\"},{\"@type\":\"Organization\",\"@id\":\"https:\/\/www.plaympe.com\/es\/#organization\",\"name\":\"Play MPE\",\"url\":\"https:\/\/www.plaympe.com\/es\/\",\"logo\":{\"@type\":\"ImageObject\",\"inLanguage\":\"en-US\",\"@id\":\"https:\/\/www.plaympe.com\/es\/#\/schema\/logo\/image\/\",\"url\":\"https:\/\/www.plaympe.com\/es\/wp-content\/uploads\/sites\/2\/2024\/07\/plaympe-logo.webp\",\"contentUrl\":\"https:\/\/www.plaympe.com\/es\/wp-content\/uploads\/sites\/2\/2024\/07\/plaympe-logo.webp\",\"width\":164,\"height\":29,\"caption\":\"Play MPE\"},\"image\":{\"@id\":\"https:\/\/www.plaympe.com\/es\/#\/schema\/logo\/image\/\"}}]}<\/script>\n<!-- \/ Yoast SEO plugin. -->","yoast_head_json":{"title":"Curadores verificados descubren m\u00fasica con Play MPE\u00ae","description":"Play MPE\u00ae distribuye tu m\u00fasica a curadores verificados en radio, medios, cine\/tv y m\u00e1s. Conf\u00edan sellos discogr\u00e1ficos, curadores y promotores.","robots":{"index":"index","follow":"follow","max-snippet":"max-snippet:-1","max-image-preview":"max-image-preview:large","max-video-preview":"max-video-preview:-1"},"canonical":"https:\/\/www.plaympe.com\/es\/promociona\/","og_locale":"en_US","og_type":"article","og_title":"Curadores verificados descubren m\u00fasica con Play MPE\u00ae","og_description":"Play MPE\u00ae distribuye tu m\u00fasica a curadores verificados en radio, medios, cine\/tv y m\u00e1s. Conf\u00edan sellos discogr\u00e1ficos, curadores y promotores.","og_url":"https:\/\/www.plaympe.com\/es\/promociona\/","og_site_name":"Spanish","article_modified_time":"2026-04-23T22:00:20+00:00","og_image":[{"width":164,"height":29,"url":"https:\/\/www.plaympe.com\/es\/wp-content\/uploads\/sites\/2\/2024\/07\/plaympe-logo.webp","type":"image\/webp"}],"twitter_card":"summary_large_image","schema":{"@context":"https:\/\/schema.org","@graph":[{"@type":"WebPage","@id":"https:\/\/www.plaympe.com\/es\/promociona\/","url":"https:\/\/www.plaympe.com\/es\/promociona\/","name":"Curadores verificados descubren m\u00fasica con Play MPE\u00ae","isPartOf":{"@id":"https:\/\/www.plaympe.com\/es\/#website"},"datePublished":"2024-07-09T17:17:02+00:00","dateModified":"2026-04-23T22:00:20+00:00","description":"Play MPE\u00ae distribuye tu m\u00fasica a curadores verificados en radio, medios, cine\/tv y m\u00e1s. Conf\u00edan sellos discogr\u00e1ficos, curadores y promotores.","breadcrumb":{"@id":"https:\/\/www.plaympe.com\/es\/promociona\/#breadcrumb"},"inLanguage":"en-US","potentialAction":[{"@type":"ReadAction","target":["https:\/\/www.plaympe.com\/es\/promociona\/"]}]},{"@type":"BreadcrumbList","@id":"https:\/\/www.plaympe.com\/es\/promociona\/#breadcrumb","itemListElement":[{"@type":"ListItem","position":1,"name":"Home","item":"https:\/\/www.plaympe.com\/es\/"},{"@type":"ListItem","position":2,"name":"Promociona"}]},{"@type":"WebSite","@id":"https:\/\/www.plaympe.com\/es\/#website","url":"https:\/\/www.plaympe.com\/es\/","name":"Play MPE","description":"","publisher":{"@id":"https:\/\/www.plaympe.com\/es\/#organization"},"potentialAction":[{"@type":"SearchAction","target":{"@type":"EntryPoint","urlTemplate":"https:\/\/www.plaympe.com\/es\/?s={search_term_string}"},"query-input":{"@type":"PropertyValueSpecification","valueRequired":true,"valueName":"search_term_string"}}],"inLanguage":"en-US"},{"@type":"Organization","@id":"https:\/\/www.plaympe.com\/es\/#organization","name":"Play MPE","url":"https:\/\/www.plaympe.com\/es\/","logo":{"@type":"ImageObject","inLanguage":"en-US","@id":"https:\/\/www.plaympe.com\/es\/#\/schema\/logo\/image\/","url":"https:\/\/www.plaympe.com\/es\/wp-content\/uploads\/sites\/2\/2024\/07\/plaympe-logo.webp","contentUrl":"https:\/\/www.plaympe.com\/es\/wp-content\/uploads\/sites\/2\/2024\/07\/plaympe-logo.webp","width":164,"height":29,"caption":"Play MPE"},"image":{"@id":"https:\/\/www.plaympe.com\/es\/#\/schema\/logo\/image\/"}}]}},"_links":{"self":[{"href":"https:\/\/www.plaympe.com\/es\/wp-json\/wp\/v2\/pages\/12","targetHints":{"allow":["GET"]}}],"collection":[{"href":"https:\/\/www.plaympe.com\/es\/wp-json\/wp\/v2\/pages"}],"about":[{"href":"https:\/\/www.plaympe.com\/es\/wp-json\/wp\/v2\/types\/page"}],"author":[{"embeddable":true,"href":"https:\/\/www.plaympe.com\/es\/wp-json\/wp\/v2\/users\/1"}],"replies":[{"embeddable":true,"href":"https:\/\/www.plaympe.com\/es\/wp-json\/wp\/v2\/comments?post=12"}],"version-history":[{"count":76,"href":"https:\/\/www.plaympe.com\/es\/wp-json\/wp\/v2\/pages\/12\/revisions"}],"predecessor-version":[{"id":43299,"href":"https:\/\/www.plaympe.com\/es\/wp-json\/wp\/v2\/pages\/12\/revisions\/43299"}],"wp:attachment":[{"href":"https:\/\/www.plaympe.com\/es\/wp-json\/wp\/v2\/media?parent=12"}],"curies":[{"name":"wp","href":"https:\/\/api.w.org\/{rel}","templated":true}]}}